{"id":5960,"date":"2025-10-16T11:44:23","date_gmt":"2025-10-16T08:44:23","guid":{"rendered":"http:\/\/www.arkaraf.com\/kitap\/guc-unsurlari-ve-kuresel-baris-eda-gorkem-akkus"},"modified":"2025-10-16T11:44:24","modified_gmt":"2025-10-16T08:44:24","slug":"guc-unsurlari-ve-kuresel-baris-eda-gorkem-akkus","status":"publish","type":"product","link":"http:\/\/www.arkaraf.com\/en\/kitap\/guc-unsurlari-ve-kuresel-baris-eda-gorkem-akkus","title":{"rendered":"G\u00fc\u00e7 Unsurlar\u0131 ve K\u00fcresel Bar\u0131\u015f &#8211; Eda G\u00f6rkem Akku\u015f"},"content":{"rendered":"<div class=\"comment-container\">\n<div class=\"action-comment can-view-video markeddown js-comment\" dir=\"auto\">\n<div class=\"current-comment js-friendly-links js-open-card\">\n<p>G\u00fcn\u00fcm\u00fczdeki sorunlar\u0131n \u00e7ok akt\u00f6rl\u00fc ve komplike olmas\u0131 tek bir g\u00fc\u00e7 unsuruna ba\u011fl\u0131 kalarak istenilen sonucun elde edilmesini engellemektedir. Artan savunma b\u00fct\u00e7eleri ve\/veya sava\u015f durumlar\u0131 hem sava\u015f\u0131 a\u00e7an hem de sava\u015fa maruz kalan \u00fclkelerin vatanda\u015flar\u0131 d\u0131\u015f\u0131nda d\u00fcnyan\u0131n geri kalan\u0131 taraf\u0131ndan da sorgulanarak ele\u015ftirilmektedir.<\/p>\n<p>Fark\u0131ndal\u0131\u011f\u0131 y\u00fcksek olan geli\u015fmi\u015f \u00fclkelerde ise bar\u0131\u015f\u0131n uluslararas\u0131 sistemde ne kadar \u00f6nemli bir unsur oldu\u011fu bilinmektedir. Bar\u0131\u015f\u00e7\u0131l \u00fclkeler birer cazibe merkezi haline gelerek d\u00fcnyan\u0131n her yerinden vatanda\u015flar\u0131 kendilerine \u00e7ekmektedirler ve bu durum da o \u00fclkeleri g\u00fc\u00e7 sahibi yapmaktad\u0131r.<\/p>\n<p>\u00c7al\u0131\u015fmam\u0131z kapsam\u0131nda, g\u00fcc\u00fcn ge\u00e7mi\u015ften g\u00fcn\u00fcm\u00fcze tan\u0131mlar\u0131, unsurlar\u0131, \u00fclkelerin mevcut g\u00fc\u00e7 kaynaklar\u0131 ve bunlar\u0131 kullan\u0131\u015f tarzlar\u0131 ile g\u00fcc\u00fcn k\u00fcresel bar\u0131\u015f ortam\u0131na etkileri incelenmi\u015ftir. Bu sayede hem bar\u0131\u015f \u00e7al\u0131\u015fmalar\u0131na hem de g\u00fcc\u00fcn \u00f6l\u00e7\u00fclmesi noktas\u0131nda sosyal bilimler alan\u0131na katk\u0131 sunulmaya \u00e7al\u0131\u015f\u0131lm\u0131\u015ft\u0131r.<\/p>\n<\/div>\n<\/div>\n<\/div>","protected":false},"excerpt":{"rendered":"<p>G\u00fcn\u00fcm\u00fczdeki sorunlar\u0131n \u00e7ok akt\u00f6rl\u00fc ve komplike olmas\u0131 tek bir g\u00fc\u00e7 unsuruna ba\u011fl\u0131 kalarak istenilen sonucun elde edilmesini engellemektedir. Artan savunma b\u00fct\u00e7eleri ve\/veya sava\u015f durumlar\u0131 hem sava\u015f\u0131 a\u00e7an hem de sava\u015fa maruz kalan \u00fclkelerin vatanda\u015flar\u0131 d\u0131\u015f\u0131nda d\u00fcnyan\u0131n geri kalan\u0131 taraf\u0131ndan da sorgulanarak ele\u015ftirilmektedir. Fark\u0131ndal\u0131\u011f\u0131 y\u00fcksek olan geli\u015fmi\u015f \u00fclkelerde ise bar\u0131\u015f\u0131n uluslararas\u0131 sistemde ne kadar \u00f6nemli bir [&hellip;]<\/p>\n","protected":false},"featured_media":4346,"comment_status":"closed","ping_status":"open","template":"","meta":{"inline_featured_image":false},"product_cat":[326],"product_tag":[],"class_list":{"0":"post-5960","1":"product","2":"type-product","3":"status-publish","4":"has-post-thumbnail","6":"product_cat-arastirma-inceleme","7":"pa_boyut-135-x-195-cm","8":"pa_dil-turkce","9":"pa_sayfa-sayisi-549","10":"pa_yayin-tarihi-9-9-2022","11":"pa_yazar-eda-gorkem-akkus","13":"first","14":"instock","15":"sale","16":"purchasable","17":"product-type-simple"},"_links":{"self":[{"href":"http:\/\/www.arkaraf.com\/en\/wp-json\/wp\/v2\/product\/5960","targetHints":{"allow":["GET"]}}],"collection":[{"href":"http:\/\/www.arkaraf.com\/en\/wp-json\/wp\/v2\/product"}],"about":[{"href":"http:\/\/www.arkaraf.com\/en\/wp-json\/wp\/v2\/types\/product"}],"replies":[{"embeddable":true,"href":"http:\/\/www.arkaraf.com\/en\/wp-json\/wp\/v2\/comments?post=5960"}],"wp:featuredmedia":[{"embeddable":true,"href":"http:\/\/www.arkaraf.com\/en\/wp-json\/wp\/v2\/media\/4346"}],"wp:attachment":[{"href":"http:\/\/www.arkaraf.com\/en\/wp-json\/wp\/v2\/media?parent=5960"}],"wp:term":[{"taxonomy":"product_cat","embeddable":true,"href":"http:\/\/www.arkaraf.com\/en\/wp-json\/wp\/v2\/product_cat?post=5960"},{"taxonomy":"product_tag","embeddable":true,"href":"http:\/\/www.arkaraf.com\/en\/wp-json\/wp\/v2\/product_tag?post=5960"}],"curies":[{"name":"wp","href":"https:\/\/api.w.org\/{rel}","templated":true}]}}