{"id":5959,"date":"2025-10-16T11:44:23","date_gmt":"2025-10-16T08:44:23","guid":{"rendered":"http:\/\/www.arkaraf.com\/kitap\/ileri-yasam-destegi-ilginc-bilgiler-caglar-yitmener-temel-kilincli"},"modified":"2025-10-16T11:44:24","modified_gmt":"2025-10-16T08:44:24","slug":"ileri-yasam-destegi-ilginc-bilgiler-caglar-yitmener-temel-kilincli","status":"publish","type":"product","link":"http:\/\/www.arkaraf.com\/en\/kitap\/ileri-yasam-destegi-ilginc-bilgiler-caglar-yitmener-temel-kilincli","title":{"rendered":"\u0130leri Ya\u015fam Deste\u011fi &#8211; \u0130lgin\u00e7 Bilgiler &#8211; \u00c7a\u011flar Yitmener, Temel K\u0131l\u0131n\u00e7l\u0131"},"content":{"rendered":"<div class=\"comment-container\">\n<div class=\"action-comment can-view-video markeddown js-comment\" dir=\"auto\">\n<div class=\"current-comment js-friendly-links js-open-card\">\n<p>&#8220;Anestezi, cerrahi travmaya kar\u015f\u0131 hastay\u0131 ya\u015fatma sanat\u0131d\u0131r.\u201d<br \/>\nProf. Dr. Sadi SUN<\/p>\n<p>G\u00fcn\u00fcm\u00fczde bir\u00e7ok bran\u015f\u0131n sentezini olu\u015fturan anestezide, ilgin\u00e7 bilgi ve de\u011ferler, g\u00fcncel bilgiler \u0131\u015f\u0131\u011f\u0131nda, ak\u0131lda kal\u0131c\u0131 bir formatla de\u011ferlendirilmeye \u00e7al\u0131\u015f\u0131lm\u0131\u015ft\u0131r. Her zaman ifade etti\u011fimiz gibi \u201cm\u00fckemmel iyinin d\u00fc\u015fman\u0131d\u0131r\u201d anlay\u0131\u015f\u0131m\u0131zla eksiklerimiz, sizlerin de ho\u015fg\u00f6r\u00fcn\u00fcz, ele\u015ftirileriniz ve katk\u0131lar\u0131n\u0131zla kitab\u0131m\u0131z\u0131n yeni bas\u0131mlar\u0131nda, \u00f6nemli bir yol g\u00f6stericimiz olaca\u011f\u0131n\u0131z\u0131 yineleyerek, t\u00fcm anestezi \u00e7al\u0131\u015fanlar\u0131na yararl\u0131 olmas\u0131 dileklerimizle, sayg\u0131lar sunuyoruz.<\/p>\n<\/div>\n<\/div>\n<\/div>","protected":false},"excerpt":{"rendered":"<p>&#8220;Anestezi, cerrahi travmaya kar\u015f\u0131 hastay\u0131 ya\u015fatma sanat\u0131d\u0131r.\u201d Prof. Dr. Sadi SUN G\u00fcn\u00fcm\u00fczde bir\u00e7ok bran\u015f\u0131n sentezini olu\u015fturan anestezide, ilgin\u00e7 bilgi ve de\u011ferler, g\u00fcncel bilgiler \u0131\u015f\u0131\u011f\u0131nda, ak\u0131lda kal\u0131c\u0131 bir formatla de\u011ferlendirilmeye \u00e7al\u0131\u015f\u0131lm\u0131\u015ft\u0131r. Her zaman ifade etti\u011fimiz gibi \u201cm\u00fckemmel iyinin d\u00fc\u015fman\u0131d\u0131r\u201d anlay\u0131\u015f\u0131m\u0131zla eksiklerimiz, sizlerin de ho\u015fg\u00f6r\u00fcn\u00fcz, ele\u015ftirileriniz ve katk\u0131lar\u0131n\u0131zla kitab\u0131m\u0131z\u0131n yeni bas\u0131mlar\u0131nda, \u00f6nemli bir yol g\u00f6stericimiz olaca\u011f\u0131n\u0131z\u0131 yineleyerek, [&hellip;]<\/p>\n","protected":false},"featured_media":4344,"comment_status":"closed","ping_status":"open","template":"","meta":{"inline_featured_image":false},"product_cat":[742],"product_tag":[],"class_list":{"0":"post-5959","1":"product","2":"type-product","3":"status-publish","4":"has-post-thumbnail","6":"product_cat-tip","7":"pa_boyut-135-x-195-cm","8":"pa_dil-turkce","9":"pa_sayfa-sayisi-741","10":"pa_yayin-tarihi-9-9-2022","11":"pa_yazar-caglar-yitmener-temel-kilincli","13":"first","14":"instock","15":"sale","16":"purchasable","17":"product-type-simple"},"_links":{"self":[{"href":"http:\/\/www.arkaraf.com\/en\/wp-json\/wp\/v2\/product\/5959","targetHints":{"allow":["GET"]}}],"collection":[{"href":"http:\/\/www.arkaraf.com\/en\/wp-json\/wp\/v2\/product"}],"about":[{"href":"http:\/\/www.arkaraf.com\/en\/wp-json\/wp\/v2\/types\/product"}],"replies":[{"embeddable":true,"href":"http:\/\/www.arkaraf.com\/en\/wp-json\/wp\/v2\/comments?post=5959"}],"wp:featuredmedia":[{"embeddable":true,"href":"http:\/\/www.arkaraf.com\/en\/wp-json\/wp\/v2\/media\/4344"}],"wp:attachment":[{"href":"http:\/\/www.arkaraf.com\/en\/wp-json\/wp\/v2\/media?parent=5959"}],"wp:term":[{"taxonomy":"product_cat","embeddable":true,"href":"http:\/\/www.arkaraf.com\/en\/wp-json\/wp\/v2\/product_cat?post=5959"},{"taxonomy":"product_tag","embeddable":true,"href":"http:\/\/www.arkaraf.com\/en\/wp-json\/wp\/v2\/product_tag?post=5959"}],"curies":[{"name":"wp","href":"https:\/\/api.w.org\/{rel}","templated":true}]}}