{"id":5934,"date":"2025-10-16T11:44:20","date_gmt":"2025-10-16T08:44:20","guid":{"rendered":"http:\/\/www.arkaraf.com\/kitap\/irk-bitig-gokbey-uluc"},"modified":"2025-10-16T11:44:20","modified_gmt":"2025-10-16T08:44:20","slug":"irk-bitig-gokbey-uluc","status":"publish","type":"product","link":"http:\/\/www.arkaraf.com\/en\/kitap\/irk-bitig-gokbey-uluc","title":{"rendered":"Irk Bitig &#8211; G\u00f6kbey Ulu\u00e7"},"content":{"rendered":"<p>T\u00fcrk damgalar\u0131yla (G\u00f6kt\u00fcrk alfabesiyle) yaz\u0131l\u0131p g\u00fcn\u00fcm\u00fcze ula\u015fm\u0131\u015f betik bi\u00e7emindeki (kitap format\u0131ndaki) biricik yap\u0131t olan Irk Bitig, bu \u00e7al\u0131\u015fmada Azerbaycan T\u00fcrk\u00e7esinde ele al\u0131nm\u0131\u015ft\u0131r. Her \u0131rk (fal) ayr\u0131 ayr\u0131 incelenmi\u015f, yaz\u0131m yanl\u0131\u015flar\u0131na de\u011finilmi\u015f ve son k\u0131s\u0131mda da s\u00f6zl\u00fck eklenmi\u015ftir. G\u00fcn\u00fcm\u00fcz Azerbaycan ve T\u00fcrkiye T\u00fcrk\u00e7esinde anlamlar\u0131na yer ayr\u0131lm\u0131\u015ft\u0131r.<\/p>","protected":false},"excerpt":{"rendered":"<p>T\u00fcrk damgalar\u0131yla (G\u00f6kt\u00fcrk alfabesiyle) yaz\u0131l\u0131p g\u00fcn\u00fcm\u00fcze ula\u015fm\u0131\u015f betik bi\u00e7emindeki (kitap format\u0131ndaki) biricik yap\u0131t olan Irk Bitig, bu \u00e7al\u0131\u015fmada Azerbaycan T\u00fcrk\u00e7esinde ele al\u0131nm\u0131\u015ft\u0131r. Her \u0131rk (fal) ayr\u0131 ayr\u0131 incelenmi\u015f, yaz\u0131m yanl\u0131\u015flar\u0131na de\u011finilmi\u015f ve son k\u0131s\u0131mda da s\u00f6zl\u00fck eklenmi\u015ftir. G\u00fcn\u00fcm\u00fcz Azerbaycan ve T\u00fcrkiye T\u00fcrk\u00e7esinde anlamlar\u0131na yer ayr\u0131lm\u0131\u015ft\u0131r.<\/p>","protected":false},"featured_media":4294,"comment_status":"closed","ping_status":"open","template":"","meta":{"inline_featured_image":false},"product_cat":[327],"product_tag":[],"class_list":{"0":"post-5934","1":"product","2":"type-product","3":"status-publish","4":"has-post-thumbnail","6":"product_cat-dilbilim-kitaplari","7":"pa_boyut-135-x-195-cm","8":"pa_dil-turkce","9":"pa_sayfa-sayisi-334","10":"pa_yayin-tarihi-10-31-2024","11":"pa_yazar-gokbey-uluc","13":"first","14":"instock","15":"sale","16":"purchasable","17":"product-type-simple"},"_links":{"self":[{"href":"http:\/\/www.arkaraf.com\/en\/wp-json\/wp\/v2\/product\/5934","targetHints":{"allow":["GET"]}}],"collection":[{"href":"http:\/\/www.arkaraf.com\/en\/wp-json\/wp\/v2\/product"}],"about":[{"href":"http:\/\/www.arkaraf.com\/en\/wp-json\/wp\/v2\/types\/product"}],"replies":[{"embeddable":true,"href":"http:\/\/www.arkaraf.com\/en\/wp-json\/wp\/v2\/comments?post=5934"}],"wp:featuredmedia":[{"embeddable":true,"href":"http:\/\/www.arkaraf.com\/en\/wp-json\/wp\/v2\/media\/4294"}],"wp:attachment":[{"href":"http:\/\/www.arkaraf.com\/en\/wp-json\/wp\/v2\/media?parent=5934"}],"wp:term":[{"taxonomy":"product_cat","embeddable":true,"href":"http:\/\/www.arkaraf.com\/en\/wp-json\/wp\/v2\/product_cat?post=5934"},{"taxonomy":"product_tag","embeddable":true,"href":"http:\/\/www.arkaraf.com\/en\/wp-json\/wp\/v2\/product_tag?post=5934"}],"curies":[{"name":"wp","href":"https:\/\/api.w.org\/{rel}","templated":true}]}}