{"id":5925,"date":"2025-10-16T11:44:18","date_gmt":"2025-10-16T08:44:18","guid":{"rendered":"http:\/\/www.arkaraf.com\/kitap\/kore-cumhuriyeti-anayasasi-amine-beyza-unal"},"modified":"2025-10-16T11:44:18","modified_gmt":"2025-10-16T08:44:18","slug":"kore-cumhuriyeti-anayasasi-amine-beyza-unal","status":"publish","type":"product","link":"http:\/\/www.arkaraf.com\/en\/kitap\/kore-cumhuriyeti-anayasasi-amine-beyza-unal","title":{"rendered":"Kore Cumhuriyeti Anayasas\u0131 &#8211; Amine Beyza \u00dcnal"},"content":{"rendered":"<p>Kore\u2026 K\u00fclt\u00fcrel, sosyolojik, ya\u015fam bi\u00e7imi, \u00f6rf ve adet olarak bir\u00e7ok benzer \u00f6zellik ta\u015f\u0131d\u0131\u011f\u0131m\u0131z, mesafemizin \u00e7ok uzakl\u0131\u011f\u0131m\u0131z\u0131n az oldu\u011fu, kendilerinin bizleri \u201cKarde\u015f \u00dclke\u201d olarak adland\u0131rd\u0131\u011f\u0131 topraklar\u2026<\/p>\n<p>Uzun y\u0131llard\u0131r Kore dili, k\u00fclt\u00fcr\u00fc ve ya\u015fam\u0131yla ilgilenen ve ara\u015ft\u0131rmalar yapan, ayn\u0131 zamanda bir hukuk insan\u0131 olma yolunda avukatl\u0131k mesle\u011fi icra eden bir ki\u015fi olarak; i\u015fte bu Kore Anayasas\u0131\u2019n\u0131 \u00e7evirdi\u011fim kitab\u0131mla \u00e7ok sevdi\u011fim \u00fclke Kore ile 4 sene boyunca \u00f6\u011frenim g\u00f6rd\u00fc\u011f\u00fcm Hukuk Fak\u00fcltesinin birikimini birle\u015ftirmeye ba\u015flad\u0131\u011f\u0131m noktaday\u0131m.<\/p>\n<p>Bir hukuk insan\u0131 olarak, Kore Anayasas\u0131\u2019n\u0131n \u00e7evirisi ile ba\u015flad\u0131\u011f\u0131m bu yola devam ederek T\u00fcrk insan\u0131na ve di\u011fer ilgili meslekta\u015flar\u0131ma Kore Hukuku\u2019nu en do\u011fru \u015fekilde aktarmay\u0131, iki \u00fclke aras\u0131nda hukuki ba\u011flamda bir dil k\u00f6pr\u00fcs\u00fc olu\u015fturmay\u0131 kendime temel hedef ediniyorum. Dilerim sizler de \u00e7evirisini yapt\u0131\u011f\u0131m Kore Anayasas\u0131\u2019n\u0131 okurken Kore Hukuku\u2019na dair meraklar\u0131n\u0131z\u0131 giderebilirsiniz.<\/p>","protected":false},"excerpt":{"rendered":"<p>Kore\u2026 K\u00fclt\u00fcrel, sosyolojik, ya\u015fam bi\u00e7imi, \u00f6rf ve adet olarak bir\u00e7ok benzer \u00f6zellik ta\u015f\u0131d\u0131\u011f\u0131m\u0131z, mesafemizin \u00e7ok uzakl\u0131\u011f\u0131m\u0131z\u0131n az oldu\u011fu, kendilerinin bizleri \u201cKarde\u015f \u00dclke\u201d olarak adland\u0131rd\u0131\u011f\u0131 topraklar\u2026 Uzun y\u0131llard\u0131r Kore dili, k\u00fclt\u00fcr\u00fc ve ya\u015fam\u0131yla ilgilenen ve ara\u015ft\u0131rmalar yapan, ayn\u0131 zamanda bir hukuk insan\u0131 olma yolunda avukatl\u0131k mesle\u011fi icra eden bir ki\u015fi olarak; i\u015fte bu Kore Anayasas\u0131\u2019n\u0131 \u00e7evirdi\u011fim [&hellip;]<\/p>\n","protected":false},"featured_media":4276,"comment_status":"closed","ping_status":"open","template":"","meta":{"inline_featured_image":false},"product_cat":[629],"product_tag":[],"class_list":{"0":"post-5925","1":"product","2":"type-product","3":"status-publish","4":"has-post-thumbnail","6":"product_cat-akademik","7":"pa_boyut-135-x-195-cm","8":"pa_dil-turkce","9":"pa_sayfa-sayisi-383","10":"pa_yayin-tarihi-8-22-2022","11":"pa_yazar-amine-beyza-unal","13":"first","14":"instock","15":"sale","16":"purchasable","17":"product-type-simple"},"_links":{"self":[{"href":"http:\/\/www.arkaraf.com\/en\/wp-json\/wp\/v2\/product\/5925","targetHints":{"allow":["GET"]}}],"collection":[{"href":"http:\/\/www.arkaraf.com\/en\/wp-json\/wp\/v2\/product"}],"about":[{"href":"http:\/\/www.arkaraf.com\/en\/wp-json\/wp\/v2\/types\/product"}],"replies":[{"embeddable":true,"href":"http:\/\/www.arkaraf.com\/en\/wp-json\/wp\/v2\/comments?post=5925"}],"wp:featuredmedia":[{"embeddable":true,"href":"http:\/\/www.arkaraf.com\/en\/wp-json\/wp\/v2\/media\/4276"}],"wp:attachment":[{"href":"http:\/\/www.arkaraf.com\/en\/wp-json\/wp\/v2\/media?parent=5925"}],"wp:term":[{"taxonomy":"product_cat","embeddable":true,"href":"http:\/\/www.arkaraf.com\/en\/wp-json\/wp\/v2\/product_cat?post=5925"},{"taxonomy":"product_tag","embeddable":true,"href":"http:\/\/www.arkaraf.com\/en\/wp-json\/wp\/v2\/product_tag?post=5925"}],"curies":[{"name":"wp","href":"https:\/\/api.w.org\/{rel}","templated":true}]}}