{"id":5923,"date":"2025-10-16T11:44:18","date_gmt":"2025-10-16T08:44:18","guid":{"rendered":"http:\/\/www.arkaraf.com\/kitap\/irade-egitimleri-ile-mutefekkirlerin-dunyasi-aysenur-toksoz"},"modified":"2025-10-16T11:44:18","modified_gmt":"2025-10-16T08:44:18","slug":"irade-egitimleri-ile-mutefekkirlerin-dunyasi-aysenur-toksoz","status":"publish","type":"product","link":"http:\/\/www.arkaraf.com\/en\/kitap\/irade-egitimleri-ile-mutefekkirlerin-dunyasi-aysenur-toksoz","title":{"rendered":"\u0130rade E\u011fitimleri ile M\u00fctefekkirlerin D\u00fcnyas\u0131 &#8211; Ay\u015fenur Toks\u00f6z"},"content":{"rendered":"","protected":false},"excerpt":{"rendered":"<p>Beyin anevrizmalar\u0131nda meydana gelen bu sistem ise lamber disktomi gibi kavramlar\u0131 kurcalay\u0131p psikolojik eylemlere y\u00f6n tutan bir lahza olmas\u0131 ka\u00e7\u0131n\u0131lmazd\u0131r&#8230; IQ kavramlar\u0131n\u0131 ele alan \u00e7al\u0131\u015fma ise kendini ve bir\u00e7ok insanl\u0131\u011f\u0131 anlamak ve duygular\u0131 bu sistem \u00fczere y\u00f6neltmek ise vaki olan bi\u00e7imidir. Bu ki\u015filer aras\u0131nda ne kadar muhte\u015fem bir ba\u011f kurdu\u011funu g\u00f6sterir \u00e7\u00fcnk\u00fc ribat yani ip sa\u011flam olursa o s\u0131k\u0131 men\u015fe ile ayakta durur. Burada irade kavram\u0131 g\u00fcn y\u00fcz\u00fcne gelir. Kendini irade edebilen bir insan, b\u00fct\u00fcn insanl\u0131\u011f\u0131 idare edebilir zira kendini idare edemeyen bir insan duygusal zeka ve davran\u0131\u015flar\u0131 idare edemez.<\/p>\n<p>Sevgiler, sayg\u0131lar&#8230;<\/p>","protected":false},"featured_media":4272,"comment_status":"closed","ping_status":"open","template":"","meta":{"inline_featured_image":false},"product_cat":[667],"product_tag":[],"class_list":{"0":"post-5923","1":"product","2":"type-product","3":"status-publish","4":"has-post-thumbnail","6":"product_cat-tasavvuf","7":"pa_boyut-135-x-195-cm","8":"pa_dil-turkce","9":"pa_sayfa-sayisi-324","10":"pa_yayin-tarihi-11-1-2021","11":"pa_yazar-aysenur-toksoz","13":"first","14":"instock","15":"sale","16":"purchasable","17":"product-type-simple"},"_links":{"self":[{"href":"http:\/\/www.arkaraf.com\/en\/wp-json\/wp\/v2\/product\/5923","targetHints":{"allow":["GET"]}}],"collection":[{"href":"http:\/\/www.arkaraf.com\/en\/wp-json\/wp\/v2\/product"}],"about":[{"href":"http:\/\/www.arkaraf.com\/en\/wp-json\/wp\/v2\/types\/product"}],"replies":[{"embeddable":true,"href":"http:\/\/www.arkaraf.com\/en\/wp-json\/wp\/v2\/comments?post=5923"}],"wp:featuredmedia":[{"embeddable":true,"href":"http:\/\/www.arkaraf.com\/en\/wp-json\/wp\/v2\/media\/4272"}],"wp:attachment":[{"href":"http:\/\/www.arkaraf.com\/en\/wp-json\/wp\/v2\/media?parent=5923"}],"wp:term":[{"taxonomy":"product_cat","embeddable":true,"href":"http:\/\/www.arkaraf.com\/en\/wp-json\/wp\/v2\/product_cat?post=5923"},{"taxonomy":"product_tag","embeddable":true,"href":"http:\/\/www.arkaraf.com\/en\/wp-json\/wp\/v2\/product_tag?post=5923"}],"curies":[{"name":"wp","href":"https:\/\/api.w.org\/{rel}","templated":true}]}}