{"id":5915,"date":"2025-10-16T11:44:18","date_gmt":"2025-10-16T08:44:18","guid":{"rendered":"http:\/\/www.arkaraf.com\/kitap\/rebat-yolcusu-a-caner-erkan"},"modified":"2025-10-16T11:44:18","modified_gmt":"2025-10-16T08:44:18","slug":"rebat-yolcusu-a-caner-erkan","status":"publish","type":"product","link":"http:\/\/www.arkaraf.com\/en\/kitap\/rebat-yolcusu-a-caner-erkan","title":{"rendered":"Rebat Yolcusu &#8211; A. Caner Erkan"},"content":{"rendered":"","protected":false},"excerpt":{"rendered":"<p>Giri\u015fimciler ya da hayatlar\u0131nda ekip \u00e7al\u0131\u015fmas\u0131 yapanlar, ki\u015fisel geli\u015fime \u00f6nem arz edenlere; i\u015flerinde t\u0131kanma noktalar\u0131nda 10 y\u0131la a\u015fk\u0131n giri\u015fimcilik tecr\u00fcbelerimde sonu\u00e7 almam\u0131 sa\u011flayan, Eric Worre, Pathman Senathirajah gibi milyoner liderlerin \u00f6\u011fretileri ve yapmaman\u0131z gereken ba\u015far\u0131s\u0131zl\u0131klar\u0131m\u0131 derledi\u011fim &#8220;Rebat Yolcusu&#8221; kitab\u0131 sayesinde i\u015f hayat\u0131n\u0131zda daha profesyonel \u00e7al\u0131\u015fm\u0131\u015f olacaks\u0131n\u0131z ve giri\u015fimci ruhun nas\u0131l olmas\u0131 gerekti\u011fi konusunda bilgi sahibi olmu\u015f olacaks\u0131n\u0131z.<\/p>\n<p>Bu kitapta satmaya \u00e7al\u0131\u015fmadan sizden sat\u0131n almalar\u0131n\u0131, ikna etmeye gerek olmadan sizler ile ortakl\u0131k kurmalar\u0131n\u0131 \u00f6\u011frenmi\u015f olacaks\u0131n\u0131z.<\/p>\n<p>\u00dclkemize giri\u015fimci yeti\u015ftirmek i\u00e7in gelen milyonerlerin otel toplant\u0131lar\u0131nda tuttu\u011fum ajanda notlar\u0131m\u0131 sizlere giri\u015fimcili\u011fi hi\u00e7 bilmeyenden en profesyoneline hitap edecek \u015fekilde sayfalar\u0131 s\u0131ralad\u0131m.<\/p>\n<p>&#8220;Rebat Yolcusu&#8221; kitab\u0131, bir &#8220;Zaman Kald\u0131rac\u0131&#8221; k\u0131lavuzudur. Zaman kald\u0131rac\u0131 kavram\u0131n\u0131n ne oldu\u011funu da kitab\u0131m\u0131z\u0131n i\u00e7inde \u00f6\u011frenmi\u015f olaca\u011f\u0131z.<\/p>\n<p>&#8220;Rebat Yolcusu&#8221; kitab\u0131m\u0131zda verilen e\u011fitimi i\u015f hayat\u0131n\u0131za uygularsan\u0131z i\u015f hayat\u0131n\u0131z hi\u00e7 olmad\u0131\u011f\u0131 kadar kolayla\u015facak ve size kaliteli bir disiplin sa\u011flayacakt\u0131r.<\/p>\n<p>B\u00fct\u00fcn sosyal medya hesaplar\u0131ma\u00a0<span class=\"atMention\" title=\"canerig\">@canerig<\/span>\u00a0kullan\u0131c\u0131 ad\u0131ndan ula\u015fabilir, rahatl\u0131kla etiket ve payla\u015f\u0131m yapabilirsiniz.<\/p>","protected":false},"featured_media":4256,"comment_status":"closed","ping_status":"open","template":"","meta":{"inline_featured_image":false},"product_cat":[398],"product_tag":[],"class_list":{"0":"post-5915","1":"product","2":"type-product","3":"status-publish","4":"has-post-thumbnail","6":"product_cat-kisisel-gelisim","7":"pa_boyut-135-x-195-cm","8":"pa_dil-turkce","9":"pa_sayfa-sayisi-652","10":"pa_yayin-tarihi-9-28-2021","11":"pa_yazar-a-caner-erkan","13":"first","14":"instock","15":"sale","16":"purchasable","17":"product-type-simple"},"_links":{"self":[{"href":"http:\/\/www.arkaraf.com\/en\/wp-json\/wp\/v2\/product\/5915","targetHints":{"allow":["GET"]}}],"collection":[{"href":"http:\/\/www.arkaraf.com\/en\/wp-json\/wp\/v2\/product"}],"about":[{"href":"http:\/\/www.arkaraf.com\/en\/wp-json\/wp\/v2\/types\/product"}],"replies":[{"embeddable":true,"href":"http:\/\/www.arkaraf.com\/en\/wp-json\/wp\/v2\/comments?post=5915"}],"wp:featuredmedia":[{"embeddable":true,"href":"http:\/\/www.arkaraf.com\/en\/wp-json\/wp\/v2\/media\/4256"}],"wp:attachment":[{"href":"http:\/\/www.arkaraf.com\/en\/wp-json\/wp\/v2\/media?parent=5915"}],"wp:term":[{"taxonomy":"product_cat","embeddable":true,"href":"http:\/\/www.arkaraf.com\/en\/wp-json\/wp\/v2\/product_cat?post=5915"},{"taxonomy":"product_tag","embeddable":true,"href":"http:\/\/www.arkaraf.com\/en\/wp-json\/wp\/v2\/product_tag?post=5915"}],"curies":[{"name":"wp","href":"https:\/\/api.w.org\/{rel}","templated":true}]}}