{"id":5910,"date":"2025-10-16T11:44:15","date_gmt":"2025-10-16T08:44:15","guid":{"rendered":"http:\/\/www.arkaraf.com\/kitap\/boru-mirali-seyidov"},"modified":"2025-10-16T11:44:16","modified_gmt":"2025-10-16T08:44:16","slug":"boru-mirali-seyidov","status":"publish","type":"product","link":"http:\/\/www.arkaraf.com\/en\/kitap\/boru-mirali-seyidov","title":{"rendered":"B\u00f6r\u00fc &#8211; Mirali Seyidov"},"content":{"rendered":"","protected":false},"excerpt":{"rendered":"<p>Bu eser, g\u00fcn\u00fcm\u00fczde konu \u00fczerine yap\u0131lm\u0131\u015f ara\u015ft\u0131rmalardan bir\u00e7ok y\u00f6n\u00fc ile \u00f6zg\u00fcnl\u00fck arz etmektedir. Bu \u00f6zg\u00fcnl\u00fc\u011f\u00fcn en \u00f6nemli yan\u0131 ara\u015ft\u0131rman\u0131n Azerbaycan\u2019da Sovyetlerin i\u015fgal d\u00f6neminde iken T\u00fcrkl\u00fck bilim ve kimlik ara\u015ft\u0131rmalar\u0131na uygulad\u0131\u011f\u0131 bask\u0131dan dolay\u0131 30 y\u0131l boyunca gizli kalmas\u0131ndand\u0131r.<\/p>\n<p>Nitekim Prof. Dr. Mirali Seyidov, o y\u0131llarda T\u00fcrk mitolojisinde ve T\u00fcrk halk inanc\u0131nda b\u00f6r\u00fc\/kurt motifi ile yap\u0131lan ilk \u00e7al\u0131\u015fmalardan birini kaleme al\u0131rken bunu b\u00fcy\u00fck bir gizlilik i\u00e7erinde yapmak zorundayd\u0131. D\u00f6nem itibariyle incelendi\u011finde g\u00f6r\u00fclmektedir ki bu \u00e7al\u0131\u015fma, Azerbaycan\u2019da T\u00fcrk milletinin kimlik in\u015fas\u0131n\u0131n temelini te\u015fkil etmesi a\u00e7\u0131s\u0131ndan da olduk\u00e7a de\u011ferlidir.<\/p>\n<p>1963 y\u0131l\u0131nda &#8220;Boz Kurt&#8221; ad\u0131yla yaz\u0131lm\u0131\u015f eser 1990\u2019da yazar\u0131n o\u011flu El\u00e7in Seyidov\u2019a verilmi\u015ftir. Tarih\u00e7i Oder Alizade, Prof. Dr. Mirali Seyidov&#8217;un kaleme ald\u0131\u011f\u0131 bu el yazmas\u0131na ula\u015farak T\u00fcrkiye T\u00fcrk\u00e7esine aktard\u0131. Ara\u015ft\u0131rmac\u0131lar\u0131n \u00e7al\u0131\u015fmalar\u0131nda kaynak olarak yararlanabilecekleri bu yap\u0131t\u0131 yeniden g\u00fcn y\u00fcz\u00fcne \u00e7\u0131karan yazar\u0131m\u0131z\u0131 T\u00fcrkolojiye katk\u0131s\u0131ndan dolay\u0131 kutlar\u0131z.<\/p>\n<p>Bu vesileyle merhum Seyidov&#8217;u sayg\u0131 ile anarken ara\u015ft\u0131rmac\u0131lar\u0131n \u00e7al\u0131\u015fmalar\u0131na derinlik sa\u011flamas\u0131 dileklerimizi sunuyoruz.<\/p>","protected":false},"featured_media":4246,"comment_status":"closed","ping_status":"open","template":"","meta":{"inline_featured_image":false},"product_cat":[629],"product_tag":[],"class_list":{"0":"post-5910","1":"product","2":"type-product","3":"status-publish","4":"has-post-thumbnail","6":"product_cat-akademik","7":"pa_boyut-135-x-195-cm","8":"pa_dil-turkce","9":"pa_sayfa-sayisi-640","10":"pa_yayin-tarihi-9-7-2021","11":"pa_yazar-mirali-seyidov","13":"first","14":"instock","15":"sale","16":"purchasable","17":"product-type-simple"},"_links":{"self":[{"href":"http:\/\/www.arkaraf.com\/en\/wp-json\/wp\/v2\/product\/5910","targetHints":{"allow":["GET"]}}],"collection":[{"href":"http:\/\/www.arkaraf.com\/en\/wp-json\/wp\/v2\/product"}],"about":[{"href":"http:\/\/www.arkaraf.com\/en\/wp-json\/wp\/v2\/types\/product"}],"replies":[{"embeddable":true,"href":"http:\/\/www.arkaraf.com\/en\/wp-json\/wp\/v2\/comments?post=5910"}],"wp:featuredmedia":[{"embeddable":true,"href":"http:\/\/www.arkaraf.com\/en\/wp-json\/wp\/v2\/media\/4246"}],"wp:attachment":[{"href":"http:\/\/www.arkaraf.com\/en\/wp-json\/wp\/v2\/media?parent=5910"}],"wp:term":[{"taxonomy":"product_cat","embeddable":true,"href":"http:\/\/www.arkaraf.com\/en\/wp-json\/wp\/v2\/product_cat?post=5910"},{"taxonomy":"product_tag","embeddable":true,"href":"http:\/\/www.arkaraf.com\/en\/wp-json\/wp\/v2\/product_tag?post=5910"}],"curies":[{"name":"wp","href":"https:\/\/api.w.org\/{rel}","templated":true}]}}