{"id":5882,"date":"2025-10-16T11:44:12","date_gmt":"2025-10-16T08:44:12","guid":{"rendered":"http:\/\/www.arkaraf.com\/kitap\/yasinli-dualar-ve-olume-hazirlik-sucettin-uluc"},"modified":"2025-10-16T11:44:13","modified_gmt":"2025-10-16T08:44:13","slug":"yasinli-dualar-ve-olume-hazirlik-sucettin-uluc","status":"publish","type":"product","link":"http:\/\/www.arkaraf.com\/en\/kitap\/yasinli-dualar-ve-olume-hazirlik-sucettin-uluc","title":{"rendered":"Yasinli Dualar ve \u00d6l\u00fcme Haz\u0131rl\u0131k &#8211; Sucettin Ulu\u00e7"},"content":{"rendered":"","protected":false},"excerpt":{"rendered":"<p>Bir g\u00fcn\u00fc 50 bin g\u00fcn uzunlu\u011funda olan, sorunsuz, maceras\u0131z ve esenliklerle dolu ya\u015famlarla donat\u0131lm\u0131\u015f yeni d\u00fcnyaya gitmeye haz\u0131r m\u0131s\u0131n\u0131z? Haz\u0131r olal\u0131m m\u0131? Gereken haz\u0131rl\u0131klar bu kitapta anlat\u0131lm\u0131\u015ft\u0131r.<\/p>\n<ul>\n<li>\u00d6l\u00fcm nedir?<\/li>\n<li>\u00d6leceksek neden yarat\u0131ld\u0131k?<\/li>\n<li>\u00d6l\u00fcm an\u0131nda azap var m\u0131?<\/li>\n<li>Kabir azab\u0131 var m\u0131?<\/li>\n<li>\u00d6lenin ruhu nereye gider?<\/li>\n<li>Ruh gitti\u011fi yerde ne yapar?<\/li>\n<li>\u201cSicciyn\u201d ve \u201cilliyy\u00fbn\u201d ne demektir?<\/li>\n<li>K\u0131yametin kopu\u015fu nas\u0131l olacak?<\/li>\n<li>K\u0131yametin azab\u0131 ve kurulacak \u201cyeni d\u00fcnya\u201d herkese mi?<\/li>\n<li>K\u0131yamet sonras\u0131 herkes dirilecek mi?<\/li>\n<li>Yeniden dirili\u015f nas\u0131l olacak ve azap var m\u0131?<\/li>\n<li>Mah\u015fer g\u00fcn\u00fc ne demektir?<\/li>\n<li>Mah\u015fer g\u00fcn\u00fc azap var m\u0131?<\/li>\n<li>Hesapla\u015fma nas\u0131l yap\u0131lacak?<\/li>\n<li>Hesapla\u015fma bitince nereye gidilecek?<\/li>\n<li>Cennet ne demektir?<\/li>\n<li>Herkes cennete gidebilecek mi?<\/li>\n<li>Cehennem ne demektir?<\/li>\n<li>Cehenneme kimler gidecek?<\/li>\n<li>Cehennem azab\u0131 herkese var m\u0131?<\/li>\n<li>Cehennem azab\u0131ndan kurtulu\u015f yok mu?<\/li>\n<li>\u00d6l\u00fcme haz\u0131rl\u0131k ne demektir?<\/li>\n<li>\u00d6l\u00fcme haz\u0131rl\u0131k yap\u0131nca azaplardan kurtulur muyuz?<\/li>\n<li>Kur\u2019an-\u0131 Kerim\u2019in her ayeti \u015ferifi \u00f6lene okunur mu?<\/li>\n<li>\u00d6lene hangi ayeti \u015ferifler okunur?<\/li>\n<li>\u00d6lenin arkas\u0131ndan hangi dualar okunmal\u0131?<\/li>\n<\/ul>\n<p>Say\u0131s\u0131z lezzetlerle doyumsuz ya\u015fam d\u00fcnyas\u0131nda bulu\u015fmak \u00fczere<br \/>\nY\u00fcce Allah\u2019a emanet olun&#8230;<\/p>","protected":false},"featured_media":4189,"comment_status":"closed","ping_status":"open","template":"","meta":{"inline_featured_image":false},"product_cat":[371],"product_tag":[],"class_list":{"0":"post-5882","1":"product","2":"type-product","3":"status-publish","4":"has-post-thumbnail","6":"product_cat-din-tasavvuf-kitaplari","7":"pa_boyut-135-x-195-cm","8":"pa_dil-turkce","9":"pa_sayfa-sayisi-601","10":"pa_yayin-tarihi-4-10-2023","11":"pa_yazar-sucettin-uluc","13":"first","14":"instock","15":"sale","16":"purchasable","17":"product-type-simple"},"_links":{"self":[{"href":"http:\/\/www.arkaraf.com\/en\/wp-json\/wp\/v2\/product\/5882","targetHints":{"allow":["GET"]}}],"collection":[{"href":"http:\/\/www.arkaraf.com\/en\/wp-json\/wp\/v2\/product"}],"about":[{"href":"http:\/\/www.arkaraf.com\/en\/wp-json\/wp\/v2\/types\/product"}],"replies":[{"embeddable":true,"href":"http:\/\/www.arkaraf.com\/en\/wp-json\/wp\/v2\/comments?post=5882"}],"wp:featuredmedia":[{"embeddable":true,"href":"http:\/\/www.arkaraf.com\/en\/wp-json\/wp\/v2\/media\/4189"}],"wp:attachment":[{"href":"http:\/\/www.arkaraf.com\/en\/wp-json\/wp\/v2\/media?parent=5882"}],"wp:term":[{"taxonomy":"product_cat","embeddable":true,"href":"http:\/\/www.arkaraf.com\/en\/wp-json\/wp\/v2\/product_cat?post=5882"},{"taxonomy":"product_tag","embeddable":true,"href":"http:\/\/www.arkaraf.com\/en\/wp-json\/wp\/v2\/product_tag?post=5882"}],"curies":[{"name":"wp","href":"https:\/\/api.w.org\/{rel}","templated":true}]}}