{"id":5872,"date":"2025-10-16T11:44:10","date_gmt":"2025-10-16T08:44:10","guid":{"rendered":"http:\/\/www.arkaraf.com\/kitap\/634-sayili-kat-mulkiyet-kanunu-nihat-donmez"},"modified":"2025-10-16T11:44:11","modified_gmt":"2025-10-16T08:44:11","slug":"634-sayili-kat-mulkiyet-kanunu-nihat-donmez","status":"publish","type":"product","link":"http:\/\/www.arkaraf.com\/en\/kitap\/634-sayili-kat-mulkiyet-kanunu-nihat-donmez","title":{"rendered":"634 Say\u0131l\u0131 &#8211; Kat M\u00fclkiyet Kanunu &#8211; Nihat D\u00f6nmez"},"content":{"rendered":"","protected":false},"excerpt":{"rendered":"<p>\u201cKonut sitelerini , ki\u015filer de\u011fil mevzuatlar y\u00f6netir; ki\u015filer sitelere ancak ve sadece hizmet eder.\u201d<br \/>\nBu kitap\u00e7\u0131k, cepte, el alt\u0131nda bulundurulacak ebatlarda, \u00e7ok boyutlu olarak site y\u00f6netimleri yap\u0131sal-hizmet ve organizasyonu hakk\u0131nda emekli hakim-savc\u0131- m\u00fclki amir-emniyet m\u00fcd\u00fcr\u00fc- asker ile avukat, mimar-m\u00fchendis, mali m\u00fc\u015favir ve site y\u00f6netimi profesyonelleri- gayrimenkul uzmanlar\u0131 ile \u00fcniversite profesyonel site y\u00f6netimi programlar\u0131n\u0131 y\u00fcr\u00fcten e\u011fitmen ve site y\u00f6netimleri konusunda \u00f6nde gelen medya kurulu\u015flar\u0131ndaki yazarlardan olu\u015fan amat\u00f6r ruhlu, profesyonel tecr\u00fcbeli saha-akademik bir ekibe \u00f6nc\u00fcl\u00fck-dan\u0131\u015fmanl\u0131k yapan Nihat D\u00f6nmez taraf\u0131ndan bask\u0131ya haz\u0131rlanm\u0131\u015f ve Famcoturk Site Y\u00f6netim Hizmetlerinin dan\u0131\u015fmanl\u0131k-e\u011fitim ve organizasyon deste\u011fi ald\u0131\u011f\u0131\u00a0<a href=\"http:\/\/www.yonetimajansi.com.tr\/\" target=\"_blank\" rel=\"nofollow noopener noreferrer\">www.yonetimajansi.com.tr<\/a>\u00a0katk\u0131lar\u0131 ile yay\u0131nlanm\u0131\u015ft\u0131r.<\/p>","protected":false},"featured_media":4169,"comment_status":"closed","ping_status":"open","template":"","meta":{"inline_featured_image":false},"product_cat":[573],"product_tag":[],"class_list":{"0":"post-5872","1":"product","2":"type-product","3":"status-publish","4":"has-post-thumbnail","6":"product_cat-kilavuz","7":"pa_boyut-135-x-195-cm","8":"pa_dil-turkce","9":"pa_sayfa-sayisi-561","10":"pa_yazar-nihat-donmez","12":"first","13":"instock","14":"sale","15":"purchasable","16":"product-type-simple"},"_links":{"self":[{"href":"http:\/\/www.arkaraf.com\/en\/wp-json\/wp\/v2\/product\/5872","targetHints":{"allow":["GET"]}}],"collection":[{"href":"http:\/\/www.arkaraf.com\/en\/wp-json\/wp\/v2\/product"}],"about":[{"href":"http:\/\/www.arkaraf.com\/en\/wp-json\/wp\/v2\/types\/product"}],"replies":[{"embeddable":true,"href":"http:\/\/www.arkaraf.com\/en\/wp-json\/wp\/v2\/comments?post=5872"}],"wp:featuredmedia":[{"embeddable":true,"href":"http:\/\/www.arkaraf.com\/en\/wp-json\/wp\/v2\/media\/4169"}],"wp:attachment":[{"href":"http:\/\/www.arkaraf.com\/en\/wp-json\/wp\/v2\/media?parent=5872"}],"wp:term":[{"taxonomy":"product_cat","embeddable":true,"href":"http:\/\/www.arkaraf.com\/en\/wp-json\/wp\/v2\/product_cat?post=5872"},{"taxonomy":"product_tag","embeddable":true,"href":"http:\/\/www.arkaraf.com\/en\/wp-json\/wp\/v2\/product_tag?post=5872"}],"curies":[{"name":"wp","href":"https:\/\/api.w.org\/{rel}","templated":true}]}}