{"id":5850,"date":"2025-10-16T11:44:07","date_gmt":"2025-10-16T08:44:07","guid":{"rendered":"http:\/\/www.arkaraf.com\/kitap\/rusca-bulmacalar-gokbey-uluc-cafer-uluc"},"modified":"2025-10-16T11:44:08","modified_gmt":"2025-10-16T08:44:08","slug":"rusca-bulmacalar-gokbey-uluc-cafer-uluc","status":"publish","type":"product","link":"http:\/\/www.arkaraf.com\/en\/kitap\/rusca-bulmacalar-gokbey-uluc-cafer-uluc","title":{"rendered":"Rus\u00e7a Bulmacalar &#8211; G\u00f6kbey Ulu\u00e7, Cafer Ulu\u00e7"},"content":{"rendered":"","protected":false},"excerpt":{"rendered":"<p>Dil \u00f6\u011freniminde dil bilgisi kurallar\u0131n\u0131\u00f1 benimsenmesinden daha \u00f6\u00f1emli olan s\u00f6zc\u00fck da\u011farc\u0131\u011f\u0131n\u0131\u00f1 g\u00e9\u00f1i\u015fletilmesidir. Bunu\u00f1 i\u00e7in t\u00fcrl\u00fc \u00f6\u011frenim yordamlar\u0131 geli\u015ftirilip uygulan\u0131r. Bu ba\u011flamda biz de \u00e9tkili \u00f6\u011frenme yordamlar\u0131ndan biri olan oynayarak \u00f6\u011frenmeyi Rus\u00e7a s\u00f6zc\u00fckler i\u00e7in uyarlad\u0131k. Bulmacalar, ana dili ko\u00f1u\u015furlar\u0131n\u0131\u00f1 s\u00f6zc\u00fck da\u011farc\u0131\u011f\u0131n\u0131 peki\u015ftirip geli\u015ftiren bir ara\u00e7 olman\u0131\u00f1 yan\u0131nda yad dilleri\u00f1 s\u00f6zc\u00fckleri i\u00e7in de be\u00f1zeri bir g\u00f6revi \u00fcstlenebilir. Bu bak\u0131mdan Rus\u00e7a Bulmacalar ad\u0131n\u0131 v\u00e9rdi\u011fimiz bu \u00e7al\u0131\u015fmada s\u00f6zc\u00fckleri \u00f6beklendirerek b\u00e9lli bir ulam i\u00e7inde sunduk. Bu ulamlar i\u00e7inde birbirine be\u00f1zer s\u00f6zc\u00fckleri\u00f1 bulunmas\u0131 zihinsel \u00e9\u015fle\u015ftirmeleri\u00f1 sa\u011flanmas\u0131na olanak sa\u011flayacakt\u0131r.<\/p>","protected":false},"featured_media":4125,"comment_status":"closed","ping_status":"open","template":"","meta":{"inline_featured_image":false},"product_cat":[327],"product_tag":[],"class_list":{"0":"post-5850","1":"product","2":"type-product","3":"status-publish","4":"has-post-thumbnail","6":"product_cat-dilbilim-kitaplari","7":"pa_boyut-135-x-195-cm","8":"pa_dil-turkce","9":"pa_sayfa-sayisi-533","10":"pa_yayin-tarihi-11-1-2019","11":"pa_yazar-gokbey-uluc-cafer-uluc","13":"first","14":"instock","15":"sale","16":"purchasable","17":"product-type-simple"},"_links":{"self":[{"href":"http:\/\/www.arkaraf.com\/en\/wp-json\/wp\/v2\/product\/5850","targetHints":{"allow":["GET"]}}],"collection":[{"href":"http:\/\/www.arkaraf.com\/en\/wp-json\/wp\/v2\/product"}],"about":[{"href":"http:\/\/www.arkaraf.com\/en\/wp-json\/wp\/v2\/types\/product"}],"replies":[{"embeddable":true,"href":"http:\/\/www.arkaraf.com\/en\/wp-json\/wp\/v2\/comments?post=5850"}],"wp:featuredmedia":[{"embeddable":true,"href":"http:\/\/www.arkaraf.com\/en\/wp-json\/wp\/v2\/media\/4125"}],"wp:attachment":[{"href":"http:\/\/www.arkaraf.com\/en\/wp-json\/wp\/v2\/media?parent=5850"}],"wp:term":[{"taxonomy":"product_cat","embeddable":true,"href":"http:\/\/www.arkaraf.com\/en\/wp-json\/wp\/v2\/product_cat?post=5850"},{"taxonomy":"product_tag","embeddable":true,"href":"http:\/\/www.arkaraf.com\/en\/wp-json\/wp\/v2\/product_tag?post=5850"}],"curies":[{"name":"wp","href":"https:\/\/api.w.org\/{rel}","templated":true}]}}