{"id":5849,"date":"2025-10-16T11:44:07","date_gmt":"2025-10-16T08:44:07","guid":{"rendered":"http:\/\/www.arkaraf.com\/kitap\/unlu-edebiyatcilar-ve-ilginc-hayatlari-ilhan-aydin"},"modified":"2025-10-16T11:44:08","modified_gmt":"2025-10-16T08:44:08","slug":"unlu-edebiyatcilar-ve-ilginc-hayatlari-ilhan-aydin","status":"publish","type":"product","link":"http:\/\/www.arkaraf.com\/en\/kitap\/unlu-edebiyatcilar-ve-ilginc-hayatlari-ilhan-aydin","title":{"rendered":"\u00dcnl\u00fc Edebiyat\u00e7\u0131lar ve \u0130lgin\u00e7 Hayatlar\u0131 &#8211; \u0130lhan Ayd\u0131n"},"content":{"rendered":"","protected":false},"excerpt":{"rendered":"<p>Can Y\u00fccel&#8217;in Kore Sava\u015f\u0131&#8217;na kat\u0131larak terc\u00fcmanl\u0131k yapt\u0131\u011f\u0131n\u0131; Cahit Zarifo\u011flu&#8217;nun lisedeyken edebiyat dersinden s\u0131n\u0131fta kald\u0131\u011f\u0131n\u0131; Mehmet Akif Ersoy&#8217;un &#8220;\u0130stiklal Mar\u015f\u0131&#8221;n\u0131 iki g\u00fcnde yazd\u0131\u011f\u0131n\u0131; Charles Dickens&#8217;\u0131n &#8220;Yola \u00e7\u0131kan\u0131n anlatacak hikayesi de olur.&#8221; diyerek g\u00fcnde yakla\u015f\u0131k 40 km yol y\u00fcr\u00fcd\u00fc\u011f\u00fcn\u00fc; Cervantes&#8217;in Osmanl\u0131lara esir d\u00fc\u015ferek \u0130stanbul&#8217;a getirildi\u011fini ve Mimar Sinan&#8217;\u0131n emrinde K\u0131l\u0131\u00e7 Ali Pa\u015fa Camii in\u015faat\u0131nda duvar i\u015f\u00e7isi olarak \u00e7al\u0131\u015ft\u0131r\u0131ld\u0131\u011f\u0131n\u0131 biliyor muydunuz?<\/p>\n<p>Her edeb\u00ee eser, yazar\u0131n\u0131n hayat\u0131ndan, hayata bak\u0131\u015f a\u00e7\u0131s\u0131ndan, g\u00f6zlemlerinden az \u00e7ok izler ta\u015f\u0131r. Her edebi metin; yazar\u0131n\u0131n, k\u00fclt\u00fcr\u00fcn\u00fcn, zevkinin, ideolojisinin, inan\u00e7lar\u0131n\u0131n etkisinde \u015fekillenir. Bunun i\u00e7in yazar\u0131n, sanat\u0131n\u0131n olu\u015fmas\u0131nda etkili olan hayat hik\u00e2yesinin bilinmesi esere farkl\u0131 bir g\u00f6zle bak\u0131lmas\u0131n\u0131 sa\u011flar.<\/p>\n<p>Bu kitapta Ka\u015fgarl\u0131 Mahmut\u2019tan Fuzuli\u2019ye, \u015einasi\u2019den Tevfik Fikret\u2019e, Be\u015fir Fuat\u2019tan Halit Ziya\u2019ya, \u00d6mer Seyfettin\u2019den Sait Faik\u2019e, O\u011fuz Atay\u2019dan Yusuf At\u0131lgan\u2019a T\u00fcrk edebiyat\u0131n\u0131n; Pu\u015fkin\u2019den Tolstoy\u2019a, London\u2019dan Hemingway\u2019e, Kafka\u2019dan Sartre\u2019a, Ellan Poe\u2019den Wirginia Wolf\u2019e, Defoe\u2019den Tolkien\u2019e d\u00fcnya edebiyat\u0131n\u0131n \u00f6nde gelen yazar ve \u015fairlerinin ilgin\u00e7 ve s\u0131ra d\u0131\u015f\u0131 hayatlar\u0131na tan\u0131k olaca\u011f\u0131n\u0131z bir macera siz de\u011ferli okurlar\u0131 bekliyor.<\/p>","protected":false},"featured_media":4123,"comment_status":"closed","ping_status":"open","template":"","meta":{"inline_featured_image":false},"product_cat":[326],"product_tag":[],"class_list":{"0":"post-5849","1":"product","2":"type-product","3":"status-publish","4":"has-post-thumbnail","6":"product_cat-arastirma-inceleme","7":"pa_boyut-135-x-195-cm","8":"pa_dil-turkce","9":"pa_sayfa-sayisi-530","10":"pa_yayin-tarihi-2-27-2023","11":"pa_yazar-ilhan-aydin","13":"first","14":"instock","15":"sale","16":"purchasable","17":"product-type-simple"},"_links":{"self":[{"href":"http:\/\/www.arkaraf.com\/en\/wp-json\/wp\/v2\/product\/5849","targetHints":{"allow":["GET"]}}],"collection":[{"href":"http:\/\/www.arkaraf.com\/en\/wp-json\/wp\/v2\/product"}],"about":[{"href":"http:\/\/www.arkaraf.com\/en\/wp-json\/wp\/v2\/types\/product"}],"replies":[{"embeddable":true,"href":"http:\/\/www.arkaraf.com\/en\/wp-json\/wp\/v2\/comments?post=5849"}],"wp:featuredmedia":[{"embeddable":true,"href":"http:\/\/www.arkaraf.com\/en\/wp-json\/wp\/v2\/media\/4123"}],"wp:attachment":[{"href":"http:\/\/www.arkaraf.com\/en\/wp-json\/wp\/v2\/media?parent=5849"}],"wp:term":[{"taxonomy":"product_cat","embeddable":true,"href":"http:\/\/www.arkaraf.com\/en\/wp-json\/wp\/v2\/product_cat?post=5849"},{"taxonomy":"product_tag","embeddable":true,"href":"http:\/\/www.arkaraf.com\/en\/wp-json\/wp\/v2\/product_tag?post=5849"}],"curies":[{"name":"wp","href":"https:\/\/api.w.org\/{rel}","templated":true}]}}