{"id":5840,"date":"2025-10-16T11:44:07","date_gmt":"2025-10-16T08:44:07","guid":{"rendered":"http:\/\/www.arkaraf.com\/kitap\/konut-siteleri-yonetimi-temel-kitap-nihat-donmez-kutay-m-donmez"},"modified":"2025-10-16T11:44:07","modified_gmt":"2025-10-16T08:44:07","slug":"konut-siteleri-yonetimi-temel-kitap-nihat-donmez-kutay-m-donmez","status":"publish","type":"product","link":"http:\/\/www.arkaraf.com\/en\/kitap\/konut-siteleri-yonetimi-temel-kitap-nihat-donmez-kutay-m-donmez","title":{"rendered":"Konut Siteleri Y\u00f6netimi (Temel Kitap) &#8211; Nihat D\u00f6nmez, Kutay M. D\u00f6nmez"},"content":{"rendered":"","protected":false},"excerpt":{"rendered":"<p>Piyasada, site y\u00f6netimlerine ili\u015fkin yaz\u0131lm\u0131\u015f kitaplar\u0131n \u00e7o\u011fu sadece, Kat M\u00fclkiyeti Kanununun maddelerini s\u0131ralayan hukuk dili ile olu\u015fturulmu\u015f \u00e7al\u0131\u015fmalard\u0131r. Oysa site y\u00f6netimi yaln\u0131zca hukuki de\u011fil ayn\u0131 zamanda mali,idari,sosyal tabanl\u0131, t\u00fczel ki\u015filiksiz organizasyonlard\u0131r.<\/p>\n<p>Site y\u00f6netiminin temeli kom\u015fuluk hukukudur, site y\u00f6netimi ne zaman ki adli hukukun i\u00e7ine itelenirse, engin denize s\u00fcr\u00fcklenmi\u015f olur ve site ya\u015fam k\u00fclt\u00fcr\u00fc, kom\u015fuluk hukuku ortadan kadar ve en temel insanl\u0131k ihtiyac\u0131 olan ikamet de huzursuz bir ortamda yap\u0131lmak zorunda kal\u0131n\u0131r.<\/p>\n<p>Ayn\u0131 zamanda , siteler \u00e7ok sahiplilikten dolay\u0131, \u00e7ok da sahipsizdir. Oysa siteleri ki\u015filer de\u011fil mevzuatlar y\u00f6netir, ki\u015filer sitelere ancak ve sadece hizmet edebilir.<\/p>\n<p>\u0130\u015fte, \u0130ngilizce ve Rus\u00e7a KMK metnini de i\u00e7eren bu kitap, temel site y\u00f6netim kitap setlerini de tan\u0131tan ve sahaya y\u00f6nelik olarak saha tecr\u00fcbeli ve akademik bir heyetin dan\u0131\u015fmanl\u0131\u011f\u0131nda haz\u0131rlanm\u0131\u015f ve t\u00fcm site y\u00f6neticileri, deneticileri ve sekt\u00f6r profesyonellerinin faydas\u0131na sunulmu\u015ftur.<\/p>\n<p>www.siteyonetimkitaplari.com<\/p>","protected":false},"featured_media":4105,"comment_status":"closed","ping_status":"open","template":"","meta":{"inline_featured_image":false},"product_cat":[326],"product_tag":[],"class_list":{"0":"post-5840","1":"product","2":"type-product","3":"status-publish","4":"has-post-thumbnail","6":"product_cat-arastirma-inceleme","7":"pa_boyut-16-x-24cm","8":"pa_dil-turkce","9":"pa_sayfa-sayisi-511","10":"pa_yayin-tarihi-8-22-2019","11":"pa_yazar-nihat-donmez-kutay-m-donmez","13":"first","14":"instock","15":"sale","16":"purchasable","17":"product-type-simple"},"_links":{"self":[{"href":"http:\/\/www.arkaraf.com\/en\/wp-json\/wp\/v2\/product\/5840","targetHints":{"allow":["GET"]}}],"collection":[{"href":"http:\/\/www.arkaraf.com\/en\/wp-json\/wp\/v2\/product"}],"about":[{"href":"http:\/\/www.arkaraf.com\/en\/wp-json\/wp\/v2\/types\/product"}],"replies":[{"embeddable":true,"href":"http:\/\/www.arkaraf.com\/en\/wp-json\/wp\/v2\/comments?post=5840"}],"wp:featuredmedia":[{"embeddable":true,"href":"http:\/\/www.arkaraf.com\/en\/wp-json\/wp\/v2\/media\/4105"}],"wp:attachment":[{"href":"http:\/\/www.arkaraf.com\/en\/wp-json\/wp\/v2\/media?parent=5840"}],"wp:term":[{"taxonomy":"product_cat","embeddable":true,"href":"http:\/\/www.arkaraf.com\/en\/wp-json\/wp\/v2\/product_cat?post=5840"},{"taxonomy":"product_tag","embeddable":true,"href":"http:\/\/www.arkaraf.com\/en\/wp-json\/wp\/v2\/product_tag?post=5840"}],"curies":[{"name":"wp","href":"https:\/\/api.w.org\/{rel}","templated":true}]}}