{"id":5818,"date":"2025-10-16T11:44:04","date_gmt":"2025-10-16T08:44:04","guid":{"rendered":"http:\/\/www.arkaraf.com\/kitap\/irk-bitig-okumalari-gokbey-uluc"},"modified":"2025-10-16T11:44:04","modified_gmt":"2025-10-16T08:44:04","slug":"irk-bitig-okumalari-gokbey-uluc","status":"publish","type":"product","link":"http:\/\/www.arkaraf.com\/en\/kitap\/irk-bitig-okumalari-gokbey-uluc","title":{"rendered":"Irk Bitig Okumalar\u0131 &#8211; G\u00f6kbey Ulu\u00e7"},"content":{"rendered":"","protected":false},"excerpt":{"rendered":"<p>Dilbilim \u00e7al\u0131\u015fmalar\u0131nda g\u00e9\u00f1el olarak Avrupal\u0131 bilimcileri\u00f1 y\u00f6ntemleri ile \u00e7al\u0131\u015f\u0131lmaktad\u0131r. Kendi yaz\u0131m\u0131z\u0131 bile onlar gibi T1, D2 gibi adland\u0131rmalar yaparak \u00e7etin k\u0131lm\u0131\u015f, g\u00e9riden gelen ku\u015faklar\u0131\u00f1 g\u00f6z\u00fcn\u00fc korkutmu\u015f durumday\u0131z. Oysa b\u00fct\u00fcn bilimleri kendi y\u00f6ntemlerimizle, yordamlar\u0131m\u0131zla \u00f6\u011frenip so\u00f1raki ku\u015faklara aktarabiliriz. Bu ba\u011flamda \u00e9tkile\u015fimli \u00f6\u011fretimi\u00f1 kal\u0131c\u0131l\u0131\u011f\u0131 g\u00f6z \u00f6\u00f1\u00fcnde bulundurularak b\u00f6ylesi bir \u00e7al\u0131\u015fmaya koyulduk. G\u00fcn\u00fcm\u00fczde g\u00e9\u00f1el a\u011f ba\u011flant\u0131s\u0131\u00f1 oldu\u011fu herhangi bir y\u00e9rden kolayl\u0131kla ula\u015f\u0131labilen <a href=\"http:\/\/youtube.com\" target=\"_blank\" rel=\"nofollow noopener noreferrer\">youtube.com<\/a> \u00fczerinde g\u00f6r\u00fcnt\u00fcl\u00fc derslerimizi yay\u0131nlayarak elinizdeki bu b\u00e9tle\u011fi (defteri) olu\u015fturduk. B\u00f6ylece g\u00f6r\u00fcnt\u00fcl\u00fc derslerle \u00e9\u015fzamanl\u0131 olarak g\u00f6rme, i\u015fitme, okuma ve yazma \u00e9tkinliklerini birlikte g\u00e9r\u00e7ekle\u015ftirerek kal\u0131c\u0131 \u00f6\u011frenme sa\u011flanacakt\u0131r.<\/p>","protected":false},"featured_media":4061,"comment_status":"closed","ping_status":"open","template":"","meta":{"inline_featured_image":false},"product_cat":[327],"product_tag":[],"class_list":{"0":"post-5818","1":"product","2":"type-product","3":"status-publish","4":"has-post-thumbnail","6":"product_cat-dilbilim-kitaplari","7":"pa_boyut-135-x-195-cm","8":"pa_dil-turkce","9":"pa_sayfa-sayisi-454","10":"pa_yayin-tarihi-12-15-2018","11":"pa_yazar-gokbey-uluc","13":"first","14":"instock","15":"sale","16":"purchasable","17":"product-type-simple"},"_links":{"self":[{"href":"http:\/\/www.arkaraf.com\/en\/wp-json\/wp\/v2\/product\/5818","targetHints":{"allow":["GET"]}}],"collection":[{"href":"http:\/\/www.arkaraf.com\/en\/wp-json\/wp\/v2\/product"}],"about":[{"href":"http:\/\/www.arkaraf.com\/en\/wp-json\/wp\/v2\/types\/product"}],"replies":[{"embeddable":true,"href":"http:\/\/www.arkaraf.com\/en\/wp-json\/wp\/v2\/comments?post=5818"}],"wp:featuredmedia":[{"embeddable":true,"href":"http:\/\/www.arkaraf.com\/en\/wp-json\/wp\/v2\/media\/4061"}],"wp:attachment":[{"href":"http:\/\/www.arkaraf.com\/en\/wp-json\/wp\/v2\/media?parent=5818"}],"wp:term":[{"taxonomy":"product_cat","embeddable":true,"href":"http:\/\/www.arkaraf.com\/en\/wp-json\/wp\/v2\/product_cat?post=5818"},{"taxonomy":"product_tag","embeddable":true,"href":"http:\/\/www.arkaraf.com\/en\/wp-json\/wp\/v2\/product_tag?post=5818"}],"curies":[{"name":"wp","href":"https:\/\/api.w.org\/{rel}","templated":true}]}}