{"id":5801,"date":"2025-10-16T11:44:01","date_gmt":"2025-10-16T08:44:01","guid":{"rendered":"http:\/\/www.arkaraf.com\/kitap\/dikkat-hamile-cikabilir-meliha-yilmaz"},"modified":"2025-10-16T11:44:02","modified_gmt":"2025-10-16T08:44:02","slug":"dikkat-hamile-cikabilir-meliha-yilmaz","status":"publish","type":"product","link":"http:\/\/www.arkaraf.com\/en\/kitap\/dikkat-hamile-cikabilir-meliha-yilmaz","title":{"rendered":"Dikkat! Hamile \u00c7\u0131kabilir &#8211; Meliha Y\u0131lmaz"},"content":{"rendered":"","protected":false},"excerpt":{"rendered":"<div class=\"current-comment js-friendly-links js-open-card\">\n<p>\u0130tiraf et hadi! Bu zamana kadar anne olmay\u0131 \u00f6yle \u00e7ok istedin ki&#8230; Ama hep kendini sorgulamadan da duramad\u0131n. Ona iyi bakabilecek miyim? Ona yetebilir miyim? Anne olmaya haz\u0131r m\u0131y\u0131m? Bir de hamileli\u011finde seni sorgulayanlar oldu. Ka\u00e7 kilo bebi\u015f? Hi\u00e7 a\u015ferdin mi? Bulgur pilav\u0131n\u0131 ekmekle ye kilo yapar bebe\u011fe! Aa bak g\u00fczelle\u015fmi\u015fsin bebe\u011fin kesin k\u0131z. Ya da bak surat\u0131n kaknemle\u015fmi\u015f senin bebe\u011fin erkek! Aynalara k\u00fcst\u00fcn, yeri geldi kustun, yeri geldi oyuncak bebe\u011fi elinden al\u0131nm\u0131\u015f \u00e7ocuklar gibi a\u011flad\u0131n. \u0130\u00e7 seslerin o kadar birikti ki&#8230; Haydi birileri taks\u0131n art\u0131k s\u00fcper pelerini kurtars\u0131n seni. Haz\u0131r m\u0131s\u0131n? Bu ser\u00fcveni seninle birlikte harika ge\u00e7irece\u011fiz. Mutlu anne olup, mutlu \u00e7ocuk yeti\u015ftireceksin. Ben elimden gelen her \u015feyi yapmak i\u00e7in buraday\u0131m. En zor g\u00fcnlerini, fiziksel ve ruhsal de\u011fi\u015fimlerin \u00fczerinde b\u0131rakt\u0131\u011f\u0131 etkiyi birlikte atlataca\u011f\u0131z. Hani \u015fu otob\u00fcste seni hamile zannedip yer veren amca var ya i\u015fte ona onun bebek de\u011fil g\u00f6bek oldu\u011funu birlikte anlataca\u011f\u0131z. \u0130\u00e7 sesin konu\u015fuyor kulak ver:<br \/>\nYALNIZ DE\u011e\u0130LS\u0130N!<\/p>\n<p>Bilimsellikten uzak, \u00e7ayl\u0131 kahveli sohbetime beklerim. \u0130ki arkada\u015f gibi oturup konu\u015fal\u0131m. Bir annenin ba\u015fka bir anneye destek olan koludur elindeki kitap. Haydi gel biraz dertle\u015felim&#8230;<\/p>\n<\/div>","protected":false},"featured_media":4015,"comment_status":"closed","ping_status":"open","template":"","meta":{"inline_featured_image":false},"product_cat":[408],"product_tag":[],"class_list":{"0":"post-5801","1":"product","2":"type-product","3":"status-publish","4":"has-post-thumbnail","6":"product_cat-genel","7":"pa_boyut-135-x-195-cm","8":"pa_dil-turkce","9":"pa_sayfa-sayisi-407","10":"pa_yayin-tarihi-7-5-2018","11":"pa_yazar-meliha-yilmaz","13":"first","14":"instock","15":"sale","16":"purchasable","17":"product-type-simple"},"_links":{"self":[{"href":"http:\/\/www.arkaraf.com\/en\/wp-json\/wp\/v2\/product\/5801","targetHints":{"allow":["GET"]}}],"collection":[{"href":"http:\/\/www.arkaraf.com\/en\/wp-json\/wp\/v2\/product"}],"about":[{"href":"http:\/\/www.arkaraf.com\/en\/wp-json\/wp\/v2\/types\/product"}],"replies":[{"embeddable":true,"href":"http:\/\/www.arkaraf.com\/en\/wp-json\/wp\/v2\/comments?post=5801"}],"wp:featuredmedia":[{"embeddable":true,"href":"http:\/\/www.arkaraf.com\/en\/wp-json\/wp\/v2\/media\/4015"}],"wp:attachment":[{"href":"http:\/\/www.arkaraf.com\/en\/wp-json\/wp\/v2\/media?parent=5801"}],"wp:term":[{"taxonomy":"product_cat","embeddable":true,"href":"http:\/\/www.arkaraf.com\/en\/wp-json\/wp\/v2\/product_cat?post=5801"},{"taxonomy":"product_tag","embeddable":true,"href":"http:\/\/www.arkaraf.com\/en\/wp-json\/wp\/v2\/product_tag?post=5801"}],"curies":[{"name":"wp","href":"https:\/\/api.w.org\/{rel}","templated":true}]}}