{"id":5800,"date":"2025-10-16T11:44:01","date_gmt":"2025-10-16T08:44:01","guid":{"rendered":"http:\/\/www.arkaraf.com\/kitap\/saglikta-dijital-donusum-yapay-zeka-ai-ve-nesnelerin-interneti-iot-julide-guzin-karagoz"},"modified":"2025-10-16T11:44:01","modified_gmt":"2025-10-16T08:44:01","slug":"saglikta-dijital-donusum-yapay-zeka-ai-ve-nesnelerin-interneti-iot-julide-guzin-karagoz","status":"publish","type":"product","link":"http:\/\/www.arkaraf.com\/en\/kitap\/saglikta-dijital-donusum-yapay-zeka-ai-ve-nesnelerin-interneti-iot-julide-guzin-karagoz","title":{"rendered":"Sa\u011fl\u0131kta Dijital D\u00f6n\u00fc\u015f\u00fcm, Yapay Zeka (AI) ve Nesnelerin \u0130nterneti (IoT) &#8211; J\u00fclide G\u00fczin Karag\u00f6z"},"content":{"rendered":"<table class=\"attribute\">\n<tbody>\n<tr>\n<td>Yay\u0131n Tarihi<\/td>\n<td>2018-05-09<\/td>\n<\/tr>\n<tr>\n<td>ISBN<\/td>\n<td>6056837647<\/td>\n<\/tr>\n<tr>\n<td>Bask\u0131 Say\u0131s\u0131<\/td>\n<td>1. Bask\u0131<\/td>\n<\/tr>\n<tr>\n<td>Dil<\/td>\n<td>T\u00dcRK\u00c7E<\/td>\n<\/tr>\n<tr>\n<td>Sayfa Say\u0131s\u0131<\/td>\n<td>92<\/td>\n<\/tr>\n<tr>\n<td>Cilt Tipi<\/td>\n<td>Karton Kapak<\/td>\n<\/tr>\n<tr>\n<td>Ka\u011f\u0131t Cinsi<\/td>\n<td>Kitap Ka\u011f\u0131d\u0131<\/td>\n<\/tr>\n<tr>\n<td>Boyut<\/td>\n<td>13.5 x 19.5 cm<\/td>\n<\/tr>\n<\/tbody>\n<\/table>","protected":false},"excerpt":{"rendered":"<p>Sa\u011fl\u0131k hizmetlerinde daha verimli \u00e7al\u0131\u015fabilmenin yolu ku\u015fkusuz dijital d\u00f6n\u00fc\u015f\u00fcmden ge\u00e7iyor. Yapay zeka (AI) ve medikal nesnelerin interneti (IoMT) gibi yeni nesil teknolojiler sa\u011fl\u0131k alan\u0131nda devrim yarat\u0131yor.<br \/>\n&#8211; Medikal nesnelerin interneti (IoMT) ve yapay zeka (AI) sa\u011fl\u0131k teknolojilerini nas\u0131l d\u00f6n\u00fc\u015ft\u00fcr\u00fcyor?<br \/>\n&#8211; Ak\u0131ll\u0131 hastaneler nas\u0131l olacak? Faydalar\u0131 ve \u00f6zellikleri nelerdir?<br \/>\n&#8211; Robotlar\u0131n sa\u011fl\u0131k sekt\u00f6r\u00fcndeki yeri nedir?<br \/>\n&#8211; Robotlar sa\u011fl\u0131k personelinin yerini alabilecek mi?<br \/>\nSa\u011fl\u0131k alan\u0131nda \u00e7\u0131\u011f\u0131r a\u00e7acak teknolojiler, faydalar\u0131 ve nas\u0131l haz\u0131rl\u0131kl\u0131 olabilece\u011fimiz kitapta kapsaml\u0131 olarak anlat\u0131lm\u0131\u015ft\u0131r.<\/p>","protected":false},"featured_media":4013,"comment_status":"closed","ping_status":"open","template":"","meta":{"inline_featured_image":false},"product_cat":[326],"product_tag":[],"class_list":{"0":"post-5800","1":"product","2":"type-product","3":"status-publish","4":"has-post-thumbnail","6":"product_cat-arastirma-inceleme","7":"pa_boyut-135-x-195-cm","8":"pa_dil-turkce","9":"pa_sayfa-sayisi-330","10":"pa_yayin-tarihi-5-9-2018","11":"pa_yazar-julide-guzin-karagoz","13":"first","14":"instock","15":"sale","16":"purchasable","17":"product-type-simple"},"_links":{"self":[{"href":"http:\/\/www.arkaraf.com\/en\/wp-json\/wp\/v2\/product\/5800","targetHints":{"allow":["GET"]}}],"collection":[{"href":"http:\/\/www.arkaraf.com\/en\/wp-json\/wp\/v2\/product"}],"about":[{"href":"http:\/\/www.arkaraf.com\/en\/wp-json\/wp\/v2\/types\/product"}],"replies":[{"embeddable":true,"href":"http:\/\/www.arkaraf.com\/en\/wp-json\/wp\/v2\/comments?post=5800"}],"wp:featuredmedia":[{"embeddable":true,"href":"http:\/\/www.arkaraf.com\/en\/wp-json\/wp\/v2\/media\/4013"}],"wp:attachment":[{"href":"http:\/\/www.arkaraf.com\/en\/wp-json\/wp\/v2\/media?parent=5800"}],"wp:term":[{"taxonomy":"product_cat","embeddable":true,"href":"http:\/\/www.arkaraf.com\/en\/wp-json\/wp\/v2\/product_cat?post=5800"},{"taxonomy":"product_tag","embeddable":true,"href":"http:\/\/www.arkaraf.com\/en\/wp-json\/wp\/v2\/product_tag?post=5800"}],"curies":[{"name":"wp","href":"https:\/\/api.w.org\/{rel}","templated":true}]}}