{"id":5799,"date":"2025-10-16T11:44:01","date_gmt":"2025-10-16T08:44:01","guid":{"rendered":"http:\/\/www.arkaraf.com\/kitap\/ogretmen-ve-ebeveynler-icin-yaratici-okuma-yaratici-yazma-etkinlikleri-burcu-hizir"},"modified":"2025-10-16T11:44:01","modified_gmt":"2025-10-16T08:44:01","slug":"ogretmen-ve-ebeveynler-icin-yaratici-okuma-yaratici-yazma-etkinlikleri-burcu-hizir","status":"publish","type":"product","link":"http:\/\/www.arkaraf.com\/en\/kitap\/ogretmen-ve-ebeveynler-icin-yaratici-okuma-yaratici-yazma-etkinlikleri-burcu-hizir","title":{"rendered":"\u00d6\u011fretmen ve Ebeveynler \u0130\u00e7in Yarat\u0131c\u0131 Okuma Yarat\u0131c\u0131 Yazma Etkinlikleri &#8211; Burcu H\u0131z\u0131r"},"content":{"rendered":"<table class=\"attribute\">\n<tbody>\n<tr>\n<td>Yay\u0131n Tarihi<\/td>\n<td>2018-05-09<\/td>\n<\/tr>\n<tr>\n<td>ISBN<\/td>\n<td>6056837678<\/td>\n<\/tr>\n<tr>\n<td>Bask\u0131 Say\u0131s\u0131<\/td>\n<td>1. Bask\u0131<\/td>\n<\/tr>\n<tr>\n<td>Dil<\/td>\n<td>T\u00dcRK\u00c7E<\/td>\n<\/tr>\n<tr>\n<td>Sayfa Say\u0131s\u0131<\/td>\n<td>190<\/td>\n<\/tr>\n<tr>\n<td>Cilt Tipi<\/td>\n<td>Karton Kapak<\/td>\n<\/tr>\n<tr>\n<td>Ka\u011f\u0131t Cinsi<\/td>\n<td>Kitap Ka\u011f\u0131d\u0131<\/td>\n<\/tr>\n<tr>\n<td>Boyut<\/td>\n<td>13.5 x 19.5 cm<\/td>\n<\/tr>\n<\/tbody>\n<\/table>","protected":false},"excerpt":{"rendered":"<p>Bu kitab\u0131 inceledi\u011finize g\u00f6re, sizler anne-baba veya \u00f6\u011fretmen olarak \u00e7ocuklar\u0131n\u0131za kitap okumay\u0131 seven az\u0131nl\u0131ktas\u0131n\u0131z. O h\u00e2lde sizinle g\u00fczel bir birlikteli\u011fimiz olacak.<br \/>\n\u015eu ana kadarki okuma y\u00f6ntemlerinizi bir kenara b\u0131rak\u0131n ve e\u011flenceye bizimle ba\u015flay\u0131n. \u015eark\u0131l\u0131-t\u00fcrk\u00fcl\u00fc, yazmal\u0131-\u00e7izmeli, s\u00f6ylemeli-dinlemeli ve en \u00f6nemlisi HAYAL KURMALI etkinliklere ho\u015f geldiniz.<br \/>\nYarat\u0131c\u0131 okuma ile her kitap, \u00e7ocuklar\u0131n\u0131z i\u00e7in okyanusun dibindeki sand\u0131k kadar merak uyand\u0131r\u0131c\u0131 olacak. O sand\u0131\u011f\u0131 aralamaya ve i\u00e7indekileri g\u00f6rmeye can atacaklar. Yarat\u0131c\u0131 yazma etkinlikleri de hediyesi\u2026<br \/>\nHadi ba\u015flayal\u0131m!<\/p>","protected":false},"featured_media":4011,"comment_status":"closed","ping_status":"open","template":"","meta":{"inline_featured_image":false},"product_cat":[398],"product_tag":[],"class_list":{"0":"post-5799","1":"product","2":"type-product","3":"status-publish","4":"has-post-thumbnail","6":"product_cat-kisisel-gelisim","7":"pa_boyut-135-x-195-cm","8":"pa_dil-turkce","9":"pa_sayfa-sayisi-403","10":"pa_yayin-tarihi-5-9-2018","11":"pa_yazar-burcu-hizir","13":"first","14":"instock","15":"sale","16":"purchasable","17":"product-type-simple"},"_links":{"self":[{"href":"http:\/\/www.arkaraf.com\/en\/wp-json\/wp\/v2\/product\/5799","targetHints":{"allow":["GET"]}}],"collection":[{"href":"http:\/\/www.arkaraf.com\/en\/wp-json\/wp\/v2\/product"}],"about":[{"href":"http:\/\/www.arkaraf.com\/en\/wp-json\/wp\/v2\/types\/product"}],"replies":[{"embeddable":true,"href":"http:\/\/www.arkaraf.com\/en\/wp-json\/wp\/v2\/comments?post=5799"}],"wp:featuredmedia":[{"embeddable":true,"href":"http:\/\/www.arkaraf.com\/en\/wp-json\/wp\/v2\/media\/4011"}],"wp:attachment":[{"href":"http:\/\/www.arkaraf.com\/en\/wp-json\/wp\/v2\/media?parent=5799"}],"wp:term":[{"taxonomy":"product_cat","embeddable":true,"href":"http:\/\/www.arkaraf.com\/en\/wp-json\/wp\/v2\/product_cat?post=5799"},{"taxonomy":"product_tag","embeddable":true,"href":"http:\/\/www.arkaraf.com\/en\/wp-json\/wp\/v2\/product_tag?post=5799"}],"curies":[{"name":"wp","href":"https:\/\/api.w.org\/{rel}","templated":true}]}}