{"id":5791,"date":"2025-10-16T11:43:58","date_gmt":"2025-10-16T08:43:58","guid":{"rendered":"http:\/\/www.arkaraf.com\/kitap\/nicin-dualarimiz-kabul-olmuyor-sucettin-uluc"},"modified":"2025-10-16T11:43:59","modified_gmt":"2025-10-16T08:43:59","slug":"nicin-dualarimiz-kabul-olmuyor-sucettin-uluc","status":"publish","type":"product","link":"http:\/\/www.arkaraf.com\/en\/kitap\/nicin-dualarimiz-kabul-olmuyor-sucettin-uluc","title":{"rendered":"Ni\u00e7in Dualar\u0131m\u0131z Kabul Olmuyor? &#8211; Sucettin Ulu\u00e7"},"content":{"rendered":"<table class=\"attribute\">\n<tbody>\n<tr>\n<td>Yay\u0131n Tarihi<\/td>\n<td>2016-03-21<\/td>\n<\/tr>\n<tr>\n<td>ISBN<\/td>\n<td>6059672009<\/td>\n<\/tr>\n<tr>\n<td>Bask\u0131 Say\u0131s\u0131<\/td>\n<td>1. Bask\u0131<\/td>\n<\/tr>\n<tr>\n<td>Dil<\/td>\n<td>T\u00dcRK\u00c7E<\/td>\n<\/tr>\n<tr>\n<td>Sayfa Say\u0131s\u0131<\/td>\n<td>118<\/td>\n<\/tr>\n<tr>\n<td>Cilt Tipi<\/td>\n<td>Karton Kapak<\/td>\n<\/tr>\n<tr>\n<td>Ka\u011f\u0131t Cinsi<\/td>\n<td>Kitap Ka\u011f\u0131d\u0131<\/td>\n<\/tr>\n<tr>\n<td>Boyut<\/td>\n<td>13,5 x 19,5 cm<\/td>\n<\/tr>\n<\/tbody>\n<\/table>","protected":false},"excerpt":{"rendered":"<p>G\u00fczel g\u00fcnlerimizde, s\u0131rf vicdan\u0131m\u0131z\u0131 rahatlatmak i\u00e7in samimiyetsizce etti\u011fimiz k\u0131sac\u0131k \u015f\u00fck\u00fcr dualar\u0131m\u0131z\u0131n yerine ula\u015ft\u0131\u011f\u0131n\u0131 d\u00fc\u015f\u00fcn\u00fcyorsak, yan\u0131l\u0131yoruz. Oysa hepimiz O&#8217;nun ad\u0131n\u0131 yaln\u0131zca dara d\u00fc\u015f\u00fcnce an\u0131yoruz. \u0130\u015fte! Tam da burada konu\u015fmam\u0131z gereken konu bu; darl\u0131kta edilen \u015f\u00fck\u00fcr duas\u0131n\u0131n meyveleri&#8230;<\/p>","protected":false},"featured_media":3995,"comment_status":"closed","ping_status":"open","template":"","meta":{"inline_featured_image":false},"product_cat":[371],"product_tag":[],"class_list":{"0":"post-5791","1":"product","2":"type-product","3":"status-publish","4":"has-post-thumbnail","6":"product_cat-din-tasavvuf-kitaplari","7":"pa_boyut-135-x-195-cm","8":"pa_dil-turkce","9":"pa_sayfa-sayisi-383","10":"pa_yayin-tarihi-3-21-2016","11":"pa_yazar-sucettin-uluc","13":"first","14":"instock","15":"sale","16":"purchasable","17":"product-type-simple"},"_links":{"self":[{"href":"http:\/\/www.arkaraf.com\/en\/wp-json\/wp\/v2\/product\/5791","targetHints":{"allow":["GET"]}}],"collection":[{"href":"http:\/\/www.arkaraf.com\/en\/wp-json\/wp\/v2\/product"}],"about":[{"href":"http:\/\/www.arkaraf.com\/en\/wp-json\/wp\/v2\/types\/product"}],"replies":[{"embeddable":true,"href":"http:\/\/www.arkaraf.com\/en\/wp-json\/wp\/v2\/comments?post=5791"}],"wp:featuredmedia":[{"embeddable":true,"href":"http:\/\/www.arkaraf.com\/en\/wp-json\/wp\/v2\/media\/3995"}],"wp:attachment":[{"href":"http:\/\/www.arkaraf.com\/en\/wp-json\/wp\/v2\/media?parent=5791"}],"wp:term":[{"taxonomy":"product_cat","embeddable":true,"href":"http:\/\/www.arkaraf.com\/en\/wp-json\/wp\/v2\/product_cat?post=5791"},{"taxonomy":"product_tag","embeddable":true,"href":"http:\/\/www.arkaraf.com\/en\/wp-json\/wp\/v2\/product_tag?post=5791"}],"curies":[{"name":"wp","href":"https:\/\/api.w.org\/{rel}","templated":true}]}}